{"id":38,"date":"2018-06-11T15:38:15","date_gmt":"2018-06-11T18:38:15","guid":{"rendered":"https:\/\/www.teamgamehacks.com\/web2\/?page_id=38"},"modified":"2020-06-29T23:04:51","modified_gmt":"2020-06-30T02:04:51","slug":"termos","status":"publish","type":"page","link":"https:\/\/www.teamgamehacks.com\/web\/termos\/","title":{"rendered":"TERMOS"},"content":{"rendered":"\n<div class=\"container section-title-container\" ><h1 class=\"section-title section-title-center\"><b aria-hidden=\"true\"><\/b><span class=\"section-title-main\" style=\"font-size:137%;\"><i class=\"icon-user\" aria-hidden=\"true\"><\/i>TERMOS<\/span><b aria-hidden=\"true\"><\/b><\/h1><\/div>\n\n<p style=\"text-align: center;\">Termos de compra e uso dos produtos.<\/p>\n<p>1 &#8211; Todo produto a venda na loja s\u00f3 poder\u00e1 ser usado em uma maquina ap\u00f3s um per\u00edodo, esse v\u00ednculo \u00e9 removido em um curto prazo em horas, que pode variar de acordo com cada produto.<\/p>\n<p>2\u00a0<span class=\"hiddenGrammarError\">&#8211;<\/span>\u00a0Caso algum dos produtos adqueridos fique desatualizado, por motivos que sejam devidos a prote\u00e7\u00e3o do servidor e que de tal forma que n\u00e3o possa ser atualizado, que a compra tenha sido feita em menos de 15 dias. O comprador ter\u00e1 reembolso total do valor do produto caso queira.<\/p>\n<p>3 <span class=\"original-content\">&#8211; <\/span>Cada produto disposto na loja exigem alguns requisitos para seu funcionamento como, prote\u00e7\u00e3o do jogo, vers\u00e3o, sistema operacional ou arquitetura e etc, que est\u00e3o na descri\u00e7\u00e3o da pagina do produto. Caso o jogo venha a atualizar e n\u00e3o se encaixe mais em um desses requisitos, de tal forma que n\u00e3o possa ser atualizado, o comprador n\u00e3o ter\u00e1 mais suporte para o mesmo.<\/p>\n<p>4 <span class=\"original-content\">&#8211; <\/span>N\u00e3o nos responsabilizamos por contas banidas, mantemos os produtos atualizados quando h\u00e1 necessidade. Mesmo assim o usu\u00e1rio deve evitar o uso abusivo das fun\u00e7\u00f5es do produto, alguns jogos em seus servidores possuem checagens de comportamento em jogo &#8220;anormal&#8221;, geralmente quando chega a n\u00edveis mais exagerados de alguma fun\u00e7\u00e3o. O usu\u00e1rio deve fazer uso de forma discreta.<\/p>\n<p>5 &#8211; N\u00e3o nos responsabilizamos por maquinas com baixa qualidade de suporta\u00e7\u00e3o de processamento, gr\u00e1fica, rede e sistema operacional malcuidado.<\/p>\n<p>6 &#8211; Caso algum produto venha a ter problemas devido (situa\u00e7\u00f5es) atuais da sua maquina ou sistema, como bugs, erros do sistema, anti-v\u00edrus e etc, em que de tal forma esteja impedindo o uso correto das fun\u00e7\u00f5es do produto ou acesso, caso o mesmo n\u00e3o aceite, medidas como desativa\u00e7\u00e3o (anti-v\u00edrus), restaura\u00e7\u00e3o do sistema ou formata\u00e7\u00e3o, o suporte n\u00e3o o atendera mais.<\/p>\n<p>7 &#8211; O per\u00edodo para atender um suporte \u00e9 de 24 horas, e dependendo do problema o per\u00edodo para ser resolvido \u00e9 de 96 horas. Caso ultra-passe \u00e0s 48 horas para ser resolvido o tempo perdido \u00e9 reembolsado.<\/p>\n<p>8 &#8211; O suporte n\u00e3o \u00e9 para atender pedidos de fun\u00e7\u00f5es adicionais ou preferencias, nem mesmo qualquer tipo de personaliza\u00e7\u00e3o como atalhos entre outros. O suporte \u00e9 apenas para problemas devido \u00e0 m\u00e1 funcionalidade do produto ou d\u00favidas.<\/p>\n<p>9 &#8211; A compra de qualquer produto na loja, \u00e9 feita via sites terceirizados, isso garante uma seguran\u00e7a maior para o cliente e para n\u00f3s. O tempo para a aprova\u00e7\u00e3o de um pagamento \u00e9 de acordo com o site que foi utilizado para o mesmo.<\/p>\n<p>10 &#8211; O Suporte n\u00e3o\u00a0esta, habilitado\u00a0para fun\u00e7\u00f5es que a prote\u00e7\u00e3o est\u00e1 ativa no servidor do jogo.<\/p>\n<div class=\"container section-title-container\" ><h2 class=\"section-title section-title-center\"><b aria-hidden=\"true\"><\/b><span class=\"section-title-main\" >TERMOS PARA PRODUTOS ESPEC\u00cdFICOS<\/span><b aria-hidden=\"true\"><\/b><\/h2><\/div>\n\n<p><strong>Para os produtos Tormento v1 e iCeBreaK v4:<\/strong><\/p>\n<p>1 &#8211; O Suporte n\u00e3o esta habilitado para servidores novos a menos de 1 m\u00eas online ou servidores a baixo de 10 players online.<\/p>\n<p>2 &#8211; O Suporte n\u00e3o\u00a0esta, habilitado\u00a0para fun\u00e7\u00e3o do auto-potion. Alguns\u00a0servidores variam muito de prote\u00e7\u00e3o privada al\u00e9m da prote\u00e7\u00e3o externa.<\/p>\n<p>3 &#8211; Todo cliente que adquiriu o produto\u00a0<span class=\"hiddenSpellError\">iCeBreaK<\/span>, tem direito ao suporte apenas para 2 servidores de vers\u00e3o comprada.<\/p>\n\n","protected":false},"excerpt":{"rendered":"<p>Termos de compra e uso dos produtos. 1 &#8211; Todo produto a venda na loja s\u00f3 poder\u00e1 ser usado em uma maquina ap\u00f3s um per\u00edodo, esse v\u00ednculo \u00e9 removido em um curto prazo em horas, que pode variar de acordo com cada produto. 2\u00a0&#8211;\u00a0Caso algum dos produtos adqueridos fique desatualizado, por motivos que sejam devidos [&#8230;]\n","protected":false},"author":1,"featured_media":0,"parent":0,"menu_order":0,"comment_status":"closed","ping_status":"closed","template":"","meta":{"footnotes":""},"class_list":["post-38","page","type-page","status-publish","hentry"],"_links":{"self":[{"href":"https:\/\/www.teamgamehacks.com\/web\/wp-json\/wp\/v2\/pages\/38","targetHints":{"allow":["GET"]}}],"collection":[{"href":"https:\/\/www.teamgamehacks.com\/web\/wp-json\/wp\/v2\/pages"}],"about":[{"href":"https:\/\/www.teamgamehacks.com\/web\/wp-json\/wp\/v2\/types\/page"}],"author":[{"embeddable":true,"href":"https:\/\/www.teamgamehacks.com\/web\/wp-json\/wp\/v2\/users\/1"}],"replies":[{"embeddable":true,"href":"https:\/\/www.teamgamehacks.com\/web\/wp-json\/wp\/v2\/comments?post=38"}],"version-history":[{"count":9,"href":"https:\/\/www.teamgamehacks.com\/web\/wp-json\/wp\/v2\/pages\/38\/revisions"}],"predecessor-version":[{"id":21929,"href":"https:\/\/www.teamgamehacks.com\/web\/wp-json\/wp\/v2\/pages\/38\/revisions\/21929"}],"wp:attachment":[{"href":"https:\/\/www.teamgamehacks.com\/web\/wp-json\/wp\/v2\/media?parent=38"}],"curies":[{"name":"wp","href":"https:\/\/api.w.org\/{rel}","templated":true}]}}